{"id":6,"date":"2021-08-19T22:07:44","date_gmt":"2021-08-19T22:07:44","guid":{"rendered":"https:\/\/bartschat.name\/?page_id=6"},"modified":"2021-11-06T01:20:32","modified_gmt":"2021-11-05T23:20:32","slug":"schoene-portfolios-fuer-aussergewoehnliche-kreative","status":"publish","type":"page","link":"https:\/\/bartschat.name\/de_de\/","title":{"rendered":"Die Intention dieser privaten Website"},"content":{"rendered":"\n<p class=\"has-text-align-center\">Diese Website ist der private Auftritt von Ralf Bartschat im Internet.<\/p>\n\n\n\n<div style=\"height:55px\" aria-hidden=\"true\" class=\"wp-block-spacer\"><\/div>\n\n\n\n<div class=\"wp-block-group alignfull has-background is-layout-flow wp-block-group-is-layout-flow\" style=\"background-color:#e5e9ec\">\n<div class=\"wp-block-columns is-layout-flex wp-container-core-columns-is-layout-28f84493 wp-block-columns-is-layout-flex\">\n<div class=\"wp-block-column is-vertically-aligned-center is-layout-flow wp-block-column-is-layout-flow\">\n<h2 class=\"wp-block-heading\">\u00dcber uns<\/h2>\n\n\n\n<p>\u00dcber den Button erfahren Sie etwas weniger \u00fcber uns, als auf dieser Seite.<\/p>\n\n\n\n<div class=\"wp-block-buttons is-content-justification-left is-layout-flex wp-block-buttons-is-layout-flex\">\n<div class=\"wp-block-button is-style-outline is-style-outline--1\"><a class=\"wp-block-button__link no-border-radius\" href=\"https:\/\/bartschat.name\/ueber-uns\">\u00dcber uns<\/a><\/div>\n<\/div>\n\n\n\n<p><\/p>\n<\/div>\n\n\n\n<div class=\"wp-block-column is-layout-flow wp-block-column-is-layout-flow\">\n<div style=\"height:48px\" aria-hidden=\"true\" class=\"wp-block-spacer\"><\/div>\n\n\n\n<figure class=\"wp-block-image size-large is-style-default\"><img loading=\"lazy\" decoding=\"async\" width=\"1024\" height=\"874\" src=\"https:\/\/bartschat.name\/wp-content\/uploads\/2021\/08\/F18ACD36-D2AB-45C6-8089-C2E6F3F3F769-scaled-e1629505554394-1024x874.jpeg\" alt=\"\" class=\"wp-image-58\" srcset=\"https:\/\/bartschat.name\/wp-content\/uploads\/2021\/08\/F18ACD36-D2AB-45C6-8089-C2E6F3F3F769-scaled-e1629505554394-1024x874.jpeg 1024w, https:\/\/bartschat.name\/wp-content\/uploads\/2021\/08\/F18ACD36-D2AB-45C6-8089-C2E6F3F3F769-scaled-e1629505554394-300x256.jpeg 300w, https:\/\/bartschat.name\/wp-content\/uploads\/2021\/08\/F18ACD36-D2AB-45C6-8089-C2E6F3F3F769-scaled-e1629505554394-768x655.jpeg 768w, https:\/\/bartschat.name\/wp-content\/uploads\/2021\/08\/F18ACD36-D2AB-45C6-8089-C2E6F3F3F769-scaled-e1629505554394-1536x1310.jpeg 1536w, https:\/\/bartschat.name\/wp-content\/uploads\/2021\/08\/F18ACD36-D2AB-45C6-8089-C2E6F3F3F769-scaled-e1629505554394-1800x1536.jpeg 1800w, https:\/\/bartschat.name\/wp-content\/uploads\/2021\/08\/F18ACD36-D2AB-45C6-8089-C2E6F3F3F769-scaled-e1629505554394.jpeg 1920w\" sizes=\"auto, (max-width: 1024px) 100vw, 1024px\" \/><\/figure>\n<\/div>\n<\/div>\n<\/div>\n\n\n\n<div class=\"wp-block-group alignfull is-layout-flow wp-block-group-is-layout-flow\">\n<div class=\"wp-block-columns are-vertically-aligned-center is-layout-flex wp-container-core-columns-is-layout-28f84493 wp-block-columns-is-layout-flex\">\n<div class=\"wp-block-column is-vertically-aligned-center is-layout-flow wp-block-column-is-layout-flow\">\n<div style=\"height:48px\" aria-hidden=\"true\" class=\"wp-block-spacer\"><\/div>\n\n\n\n<figure class=\"wp-block-image size-large is-style-default\"><img loading=\"lazy\" decoding=\"async\" width=\"1024\" height=\"769\" src=\"https:\/\/bartschat.name\/wp-content\/uploads\/2021\/08\/304C0A60-6A01-4A60-B413-0A78C1F2FFE1-edited-1024x769.jpeg\" alt=\"\" class=\"wp-image-70\" srcset=\"https:\/\/bartschat.name\/wp-content\/uploads\/2021\/08\/304C0A60-6A01-4A60-B413-0A78C1F2FFE1-edited-1024x769.jpeg 1024w, https:\/\/bartschat.name\/wp-content\/uploads\/2021\/08\/304C0A60-6A01-4A60-B413-0A78C1F2FFE1-edited-300x225.jpeg 300w, https:\/\/bartschat.name\/wp-content\/uploads\/2021\/08\/304C0A60-6A01-4A60-B413-0A78C1F2FFE1-edited-768x576.jpeg 768w, https:\/\/bartschat.name\/wp-content\/uploads\/2021\/08\/304C0A60-6A01-4A60-B413-0A78C1F2FFE1-edited-1536x1153.jpeg 1536w, https:\/\/bartschat.name\/wp-content\/uploads\/2021\/08\/304C0A60-6A01-4A60-B413-0A78C1F2FFE1-edited-2048x1537.jpeg 2048w, https:\/\/bartschat.name\/wp-content\/uploads\/2021\/08\/304C0A60-6A01-4A60-B413-0A78C1F2FFE1-edited-2000x1501.jpeg 2000w, https:\/\/bartschat.name\/wp-content\/uploads\/2021\/08\/304C0A60-6A01-4A60-B413-0A78C1F2FFE1-edited-1800x1351.jpeg 1800w\" sizes=\"auto, (max-width: 1024px) 100vw, 1024px\" \/><\/figure>\n<\/div>\n\n\n\n<div class=\"wp-block-column is-vertically-aligned-center is-layout-flow wp-block-column-is-layout-flow\">\n<h2 class=\"wp-block-heading\">Unsere Inhalte<\/h2>\n\n\n\n<p>DIe meisten und interessantesten Inhalte sehen Sie auf dieser Seite &#8211; aber \u00fcber den Button k\u00f6nnen Sie einfach wieder zum Anfang der Seite springen.<\/p>\n\n\n\n<div class=\"wp-block-buttons is-layout-flex wp-block-buttons-is-layout-flex\">\n<div class=\"wp-block-button is-style-outline is-style-outline--2\"><a class=\"wp-block-button__link no-border-radius\" href=\"#\">Startseite<\/a><\/div>\n<\/div>\n<\/div>\n<\/div>\n<\/div>\n\n\n\n<div class=\"wp-block-group alignfull has-black-background-color has-background is-layout-flow wp-block-group-is-layout-flow\">\n<h2 class=\"has-text-align-center has-white-color has-text-color wp-block-heading\"><strong>Galer<\/strong>ie<\/h2>\n\n\n\n<figure class=\"wp-block-gallery alignwide columns-3 is-cropped wp-block-gallery-3 is-layout-flex wp-block-gallery-is-layout-flex\"><ul class=\"blocks-gallery-grid\"><li class=\"blocks-gallery-item\"><figure><img loading=\"lazy\" decoding=\"async\" width=\"2560\" height=\"1920\" src=\"https:\/\/bartschat.name\/wp-content\/uploads\/2021\/08\/IMG_0421-scaled.jpeg\" alt=\"\" data-id=\"74\" data-full-url=\"https:\/\/bartschat.name\/wp-content\/uploads\/2021\/08\/IMG_0421-scaled.jpeg\" data-link=\"https:\/\/bartschat.name\/img_0421\" class=\"wp-image-74\" srcset=\"https:\/\/bartschat.name\/wp-content\/uploads\/2021\/08\/IMG_0421-scaled.jpeg 2560w, https:\/\/bartschat.name\/wp-content\/uploads\/2021\/08\/IMG_0421-300x225.jpeg 300w, https:\/\/bartschat.name\/wp-content\/uploads\/2021\/08\/IMG_0421-1024x768.jpeg 1024w, https:\/\/bartschat.name\/wp-content\/uploads\/2021\/08\/IMG_0421-768x576.jpeg 768w, https:\/\/bartschat.name\/wp-content\/uploads\/2021\/08\/IMG_0421-1536x1152.jpeg 1536w, https:\/\/bartschat.name\/wp-content\/uploads\/2021\/08\/IMG_0421-2048x1536.jpeg 2048w, https:\/\/bartschat.name\/wp-content\/uploads\/2021\/08\/IMG_0421-2000x1500.jpeg 2000w, https:\/\/bartschat.name\/wp-content\/uploads\/2021\/08\/IMG_0421-1800x1350.jpeg 1800w\" sizes=\"auto, (max-width: 2560px) 100vw, 2560px\" \/><\/figure><\/li><li class=\"blocks-gallery-item\"><figure><img loading=\"lazy\" decoding=\"async\" width=\"2560\" height=\"1920\" src=\"https:\/\/bartschat.name\/wp-content\/uploads\/2021\/08\/IMG_0547-scaled.jpeg\" alt=\"\" data-id=\"78\" data-full-url=\"https:\/\/bartschat.name\/wp-content\/uploads\/2021\/08\/IMG_0547-scaled.jpeg\" data-link=\"https:\/\/bartschat.name\/img_0547\" class=\"wp-image-78\" srcset=\"https:\/\/bartschat.name\/wp-content\/uploads\/2021\/08\/IMG_0547-scaled.jpeg 2560w, https:\/\/bartschat.name\/wp-content\/uploads\/2021\/08\/IMG_0547-300x225.jpeg 300w, https:\/\/bartschat.name\/wp-content\/uploads\/2021\/08\/IMG_0547-1024x768.jpeg 1024w, https:\/\/bartschat.name\/wp-content\/uploads\/2021\/08\/IMG_0547-768x576.jpeg 768w, https:\/\/bartschat.name\/wp-content\/uploads\/2021\/08\/IMG_0547-1536x1152.jpeg 1536w, https:\/\/bartschat.name\/wp-content\/uploads\/2021\/08\/IMG_0547-2048x1536.jpeg 2048w, https:\/\/bartschat.name\/wp-content\/uploads\/2021\/08\/IMG_0547-2000x1500.jpeg 2000w, https:\/\/bartschat.name\/wp-content\/uploads\/2021\/08\/IMG_0547-1800x1350.jpeg 1800w\" sizes=\"auto, (max-width: 2560px) 100vw, 2560px\" \/><\/figure><\/li><li class=\"blocks-gallery-item\"><figure><img loading=\"lazy\" decoding=\"async\" width=\"2560\" height=\"1920\" src=\"https:\/\/bartschat.name\/wp-content\/uploads\/2021\/08\/IMG_0389-scaled.jpeg\" alt=\"\" data-id=\"73\" data-full-url=\"https:\/\/bartschat.name\/wp-content\/uploads\/2021\/08\/IMG_0389-scaled.jpeg\" data-link=\"https:\/\/bartschat.name\/img_0389\" class=\"wp-image-73\" srcset=\"https:\/\/bartschat.name\/wp-content\/uploads\/2021\/08\/IMG_0389-scaled.jpeg 2560w, https:\/\/bartschat.name\/wp-content\/uploads\/2021\/08\/IMG_0389-300x225.jpeg 300w, https:\/\/bartschat.name\/wp-content\/uploads\/2021\/08\/IMG_0389-1024x768.jpeg 1024w, https:\/\/bartschat.name\/wp-content\/uploads\/2021\/08\/IMG_0389-768x576.jpeg 768w, https:\/\/bartschat.name\/wp-content\/uploads\/2021\/08\/IMG_0389-1536x1152.jpeg 1536w, https:\/\/bartschat.name\/wp-content\/uploads\/2021\/08\/IMG_0389-2048x1536.jpeg 2048w, https:\/\/bartschat.name\/wp-content\/uploads\/2021\/08\/IMG_0389-2000x1500.jpeg 2000w, https:\/\/bartschat.name\/wp-content\/uploads\/2021\/08\/IMG_0389-1800x1350.jpeg 1800w\" sizes=\"auto, (max-width: 2560px) 100vw, 2560px\" \/><\/figure><\/li><li class=\"blocks-gallery-item\"><figure><img loading=\"lazy\" decoding=\"async\" width=\"1920\" height=\"2560\" src=\"https:\/\/bartschat.name\/wp-content\/uploads\/2021\/08\/A82691C8-6116-45DC-9BE5-203C4FF70DBA-scaled.jpeg\" alt=\"\" data-id=\"67\" data-full-url=\"https:\/\/bartschat.name\/wp-content\/uploads\/2021\/08\/A82691C8-6116-45DC-9BE5-203C4FF70DBA-scaled.jpeg\" data-link=\"https:\/\/bartschat.name\/a82691c8-6116-45dc-9be5-203c4ff70dba\" class=\"wp-image-67\" srcset=\"https:\/\/bartschat.name\/wp-content\/uploads\/2021\/08\/A82691C8-6116-45DC-9BE5-203C4FF70DBA-scaled.jpeg 1920w, https:\/\/bartschat.name\/wp-content\/uploads\/2021\/08\/A82691C8-6116-45DC-9BE5-203C4FF70DBA-225x300.jpeg 225w, https:\/\/bartschat.name\/wp-content\/uploads\/2021\/08\/A82691C8-6116-45DC-9BE5-203C4FF70DBA-768x1024.jpeg 768w, https:\/\/bartschat.name\/wp-content\/uploads\/2021\/08\/A82691C8-6116-45DC-9BE5-203C4FF70DBA-1152x1536.jpeg 1152w, https:\/\/bartschat.name\/wp-content\/uploads\/2021\/08\/A82691C8-6116-45DC-9BE5-203C4FF70DBA-1536x2048.jpeg 1536w, https:\/\/bartschat.name\/wp-content\/uploads\/2021\/08\/A82691C8-6116-45DC-9BE5-203C4FF70DBA-2000x2667.jpeg 2000w, https:\/\/bartschat.name\/wp-content\/uploads\/2021\/08\/A82691C8-6116-45DC-9BE5-203C4FF70DBA-1800x2400.jpeg 1800w\" sizes=\"auto, (max-width: 1920px) 100vw, 1920px\" \/><\/figure><\/li><li class=\"blocks-gallery-item\"><figure><img loading=\"lazy\" decoding=\"async\" width=\"1920\" height=\"2560\" src=\"https:\/\/bartschat.name\/wp-content\/uploads\/2021\/08\/IMG_0461-scaled.jpeg\" alt=\"\" data-id=\"76\" data-full-url=\"https:\/\/bartschat.name\/wp-content\/uploads\/2021\/08\/IMG_0461-scaled.jpeg\" data-link=\"https:\/\/bartschat.name\/img_0461\" class=\"wp-image-76\" srcset=\"https:\/\/bartschat.name\/wp-content\/uploads\/2021\/08\/IMG_0461-scaled.jpeg 1920w, https:\/\/bartschat.name\/wp-content\/uploads\/2021\/08\/IMG_0461-225x300.jpeg 225w, https:\/\/bartschat.name\/wp-content\/uploads\/2021\/08\/IMG_0461-768x1024.jpeg 768w, https:\/\/bartschat.name\/wp-content\/uploads\/2021\/08\/IMG_0461-1152x1536.jpeg 1152w, https:\/\/bartschat.name\/wp-content\/uploads\/2021\/08\/IMG_0461-1536x2048.jpeg 1536w, https:\/\/bartschat.name\/wp-content\/uploads\/2021\/08\/IMG_0461-2000x2667.jpeg 2000w, https:\/\/bartschat.name\/wp-content\/uploads\/2021\/08\/IMG_0461-1800x2400.jpeg 1800w\" sizes=\"auto, (max-width: 1920px) 100vw, 1920px\" \/><\/figure><\/li><li class=\"blocks-gallery-item\"><figure><img loading=\"lazy\" decoding=\"async\" width=\"2560\" height=\"1920\" src=\"https:\/\/bartschat.name\/wp-content\/uploads\/2021\/08\/IMG_0474-scaled.jpeg\" alt=\"\" data-id=\"75\" data-full-url=\"https:\/\/bartschat.name\/wp-content\/uploads\/2021\/08\/IMG_0474-scaled.jpeg\" data-link=\"https:\/\/bartschat.name\/img_0474\" class=\"wp-image-75\" srcset=\"https:\/\/bartschat.name\/wp-content\/uploads\/2021\/08\/IMG_0474-scaled.jpeg 2560w, https:\/\/bartschat.name\/wp-content\/uploads\/2021\/08\/IMG_0474-300x225.jpeg 300w, https:\/\/bartschat.name\/wp-content\/uploads\/2021\/08\/IMG_0474-1024x768.jpeg 1024w, https:\/\/bartschat.name\/wp-content\/uploads\/2021\/08\/IMG_0474-768x576.jpeg 768w, https:\/\/bartschat.name\/wp-content\/uploads\/2021\/08\/IMG_0474-1536x1152.jpeg 1536w, https:\/\/bartschat.name\/wp-content\/uploads\/2021\/08\/IMG_0474-2048x1536.jpeg 2048w, https:\/\/bartschat.name\/wp-content\/uploads\/2021\/08\/IMG_0474-2000x1500.jpeg 2000w, https:\/\/bartschat.name\/wp-content\/uploads\/2021\/08\/IMG_0474-1800x1350.jpeg 1800w\" sizes=\"auto, (max-width: 2560px) 100vw, 2560px\" \/><\/figure><\/li><li class=\"blocks-gallery-item\"><figure><img loading=\"lazy\" decoding=\"async\" width=\"2560\" height=\"1920\" src=\"https:\/\/bartschat.name\/wp-content\/uploads\/2021\/08\/IMG_0521-scaled.jpeg\" alt=\"\" data-id=\"77\" data-full-url=\"https:\/\/bartschat.name\/wp-content\/uploads\/2021\/08\/IMG_0521-scaled.jpeg\" data-link=\"https:\/\/bartschat.name\/img_0521\" class=\"wp-image-77\" srcset=\"https:\/\/bartschat.name\/wp-content\/uploads\/2021\/08\/IMG_0521-scaled.jpeg 2560w, https:\/\/bartschat.name\/wp-content\/uploads\/2021\/08\/IMG_0521-300x225.jpeg 300w, https:\/\/bartschat.name\/wp-content\/uploads\/2021\/08\/IMG_0521-1024x768.jpeg 1024w, https:\/\/bartschat.name\/wp-content\/uploads\/2021\/08\/IMG_0521-768x576.jpeg 768w, https:\/\/bartschat.name\/wp-content\/uploads\/2021\/08\/IMG_0521-1536x1152.jpeg 1536w, https:\/\/bartschat.name\/wp-content\/uploads\/2021\/08\/IMG_0521-2048x1536.jpeg 2048w, https:\/\/bartschat.name\/wp-content\/uploads\/2021\/08\/IMG_0521-2000x1500.jpeg 2000w, https:\/\/bartschat.name\/wp-content\/uploads\/2021\/08\/IMG_0521-1800x1350.jpeg 1800w\" sizes=\"auto, (max-width: 2560px) 100vw, 2560px\" \/><\/figure><\/li><\/ul><\/figure>\n<\/div>\n\n\n\n<div class=\"wp-block-cover alignfull has-background-dim-40 has-black-background-color has-background-dim has-parallax is-position-center-center\" style=\"background-image:url(https:\/\/bartschat.name\/wp-content\/uploads\/2021\/08\/IMG_0411-scaled.jpeg);min-height:388px;aspect-ratio:unset;\"><div class=\"wp-block-cover__inner-container is-layout-flow wp-block-cover-is-layout-flow\">\n<p class=\"has-text-align-center has-text-color has-huge-font-size\" style=\"color:#fffffa;line-height:1.1\">Kontaktdaten und Hinweise<\/p>\n\n\n\n<p class=\"has-text-align-center\">\u00dcber die unten aufgef\u00fchrten Links erfahren Sie, wie Sie mit uns Kontakt aufnehmen k\u00f6nnen und wie wir Ihre Daten behandeln.<\/p>\n\n\n\n<div style=\"height:39px\" aria-hidden=\"true\" class=\"wp-block-spacer\"><\/div>\n\n\n\n<div class=\"wp-block-buttons is-content-justification-center is-layout-flex wp-block-buttons-is-layout-flex\">\n<div class=\"wp-block-button is-style-outline is-style-outline--4\"><a class=\"wp-block-button__link has-white-color has-text-color no-border-radius\" href=\"https:\/\/bartschat.name\/kontakt\">Kontakt<\/a><\/div>\n\n\n\n<div class=\"wp-block-button is-style-outline is-style-outline--5\"><a class=\"wp-block-button__link has-white-color has-text-color no-border-radius\" href=\"bartschat.name\/privacy-policy\">Datenschutzerkl\u00e4rung<\/a><\/div>\n<\/div>\n<\/div><\/div>\n","protected":false},"excerpt":{"rendered":"<p>Diese Website ist der private Auftritt von Ralf Bartschat im Internet. \u00dcber uns \u00dcber den Button erfahren Sie etwas weniger \u00fcber uns, als auf dieser Seite. Unsere Inhalte DIe meisten und interessantesten Inhalte sehen Sie auf dieser Seite &#8211; aber \u00fcber den Button k\u00f6nnen Sie einfach wieder zum Anfang der Seite springen. Galerie<\/p>\n","protected":false},"author":1,"featured_media":5,"parent":0,"menu_order":0,"comment_status":"closed","ping_status":"closed","template":"","meta":{"footnotes":""},"class_list":["post-6","page","type-page","status-publish","has-post-thumbnail","hentry"],"_links":{"self":[{"href":"https:\/\/bartschat.name\/de_de\/wp-json\/wp\/v2\/pages\/6","targetHints":{"allow":["GET"]}}],"collection":[{"href":"https:\/\/bartschat.name\/de_de\/wp-json\/wp\/v2\/pages"}],"about":[{"href":"https:\/\/bartschat.name\/de_de\/wp-json\/wp\/v2\/types\/page"}],"author":[{"embeddable":true,"href":"https:\/\/bartschat.name\/de_de\/wp-json\/wp\/v2\/users\/1"}],"replies":[{"embeddable":true,"href":"https:\/\/bartschat.name\/de_de\/wp-json\/wp\/v2\/comments?post=6"}],"version-history":[{"count":35,"href":"https:\/\/bartschat.name\/de_de\/wp-json\/wp\/v2\/pages\/6\/revisions"}],"predecessor-version":[{"id":401,"href":"https:\/\/bartschat.name\/de_de\/wp-json\/wp\/v2\/pages\/6\/revisions\/401"}],"wp:featuredmedia":[{"embeddable":true,"href":"https:\/\/bartschat.name\/de_de\/wp-json\/wp\/v2\/media\/5"}],"wp:attachment":[{"href":"https:\/\/bartschat.name\/de_de\/wp-json\/wp\/v2\/media?parent=6"}],"curies":[{"name":"wp","href":"https:\/\/api.w.org\/{rel}","templated":true}]}}