{"id":128,"date":"2021-08-22T10:59:30","date_gmt":"2021-08-22T08:59:30","guid":{"rendered":"https:\/\/bartschat.name\/?page_id=128"},"modified":"2021-08-22T17:58:14","modified_gmt":"2021-08-22T15:58:14","slug":"urlaub","status":"publish","type":"page","link":"https:\/\/bartschat.name\/en\/beitraege\/urlaub","title":{"rendered":"Vacation"},"content":{"rendered":"<div class=\"wp-block-query is-layout-flow wp-block-query-is-layout-flow\"><ul class=\"wp-block-post-template is-layout-flow wp-block-post-template-is-layout-flow\"><li class=\"wp-block-post post-226 post type-post status-publish format-standard hentry category-urlaub tag-madeira\">\n<h2 class=\"wp-block-post-title\"><a href=\"https:\/\/bartschat.name\/en\/ralley-madeira\" target=\"_self\" >Ralley Madeira<\/a><\/h2>\n\n<div class=\"wp-block-post-date\"><time datetime=\"2021-08-23T20:37:38+02:00\">23. August 2021<\/time><\/div>\n<\/li><li class=\"wp-block-post post-126 post type-post status-publish format-standard hentry category-urlaub tag-azoren\">\n<h2 class=\"wp-block-post-title\"><a href=\"https:\/\/bartschat.name\/en\/die-azoren-warten\" target=\"_self\" >Os A\u00e7ores est\u00e3o \u00e0 espera!<\/a><\/h2>\n\n<div class=\"wp-block-post-date\"><time datetime=\"2021-08-22T10:56:38+02:00\">22. August 2021<\/time><\/div>\n<\/li><\/ul><\/div>\n\n\n\n<p><a href=\"https:\/\/bartschat.name\/en\/\" data-type=\"page\" data-id=\"6\"><strong>zur\u00fcck zur Startseite<\/strong><\/a><\/p>","protected":false},"excerpt":{"rendered":"","protected":false},"author":1,"featured_media":0,"parent":2,"menu_order":0,"comment_status":"closed","ping_status":"closed","template":"","meta":{"footnotes":""},"class_list":["post-128","page","type-page","status-publish","hentry"],"_links":{"self":[{"href":"https:\/\/bartschat.name\/en\/wp-json\/wp\/v2\/pages\/128","targetHints":{"allow":["GET"]}}],"collection":[{"href":"https:\/\/bartschat.name\/en\/wp-json\/wp\/v2\/pages"}],"about":[{"href":"https:\/\/bartschat.name\/en\/wp-json\/wp\/v2\/types\/page"}],"author":[{"embeddable":true,"href":"https:\/\/bartschat.name\/en\/wp-json\/wp\/v2\/users\/1"}],"replies":[{"embeddable":true,"href":"https:\/\/bartschat.name\/en\/wp-json\/wp\/v2\/comments?post=128"}],"version-history":[{"count":8,"href":"https:\/\/bartschat.name\/en\/wp-json\/wp\/v2\/pages\/128\/revisions"}],"predecessor-version":[{"id":159,"href":"https:\/\/bartschat.name\/en\/wp-json\/wp\/v2\/pages\/128\/revisions\/159"}],"up":[{"embeddable":true,"href":"https:\/\/bartschat.name\/en\/wp-json\/wp\/v2\/pages\/2"}],"wp:attachment":[{"href":"https:\/\/bartschat.name\/en\/wp-json\/wp\/v2\/media?parent=128"}],"curies":[{"name":"wp","href":"https:\/\/api.w.org\/{rel}","templated":true}]}}